{"id":36,"date":"2020-05-12T02:50:33","date_gmt":"2020-05-12T00:50:33","guid":{"rendered":"http:\/\/cxnbsjw.cluster026.hosting.ovh.net\/?page_id=36"},"modified":"2020-06-10T21:08:11","modified_gmt":"2020-06-10T19:08:11","slug":"cartoon","status":"publish","type":"page","link":"https:\/\/stratojb.com\/index.php\/cartoon\/","title":{"rendered":"CARTOON"},"content":{"rendered":"\n<h3 class=\"wp-block-heading\">T\u00caTES \u00c0 CLAQUES<\/h3>\n\n\n\n<div class=\"wp-block-image\"><figure class=\"aligncenter size-full\"><img decoding=\"async\" loading=\"lazy\" width=\"1250\" height=\"833\" src=\"http:\/\/cxnbsjw.cluster026.hosting.ovh.net\/wp-content\/uploads\/2020\/05\/cartoon_TAC_wallpaper_1250x833.jpg\" alt=\"\" class=\"wp-image-416\" srcset=\"https:\/\/stratojb.com\/wp-content\/uploads\/2020\/05\/cartoon_TAC_wallpaper_1250x833.jpg 1250w, https:\/\/stratojb.com\/wp-content\/uploads\/2020\/05\/cartoon_TAC_wallpaper_1250x833-300x200.jpg 300w, https:\/\/stratojb.com\/wp-content\/uploads\/2020\/05\/cartoon_TAC_wallpaper_1250x833-1024x682.jpg 1024w, https:\/\/stratojb.com\/wp-content\/uploads\/2020\/05\/cartoon_TAC_wallpaper_1250x833-768x512.jpg 768w, https:\/\/stratojb.com\/wp-content\/uploads\/2020\/05\/cartoon_TAC_wallpaper_1250x833-600x400.jpg 600w\" sizes=\"(max-width: 1250px) 100vw, 1250px\" \/><\/figure><\/div>\n\n\n\n<hr class=\"wp-block-separator is-style-dots\"\/>\n\n\n\n<h5 class=\"wp-block-heading\">CHARACTERS, PROPS AND BACKGROUNDS DESIGN FOR CLIPS, ADDS, GAMES&#8230; \/ DESIGN DES PERSONNAGES, \u00c9L\u00c9MENTS ET D\u00c9CORS POUR LES CLIPS, PUBLICIT\u00c9S, JEUX&#8230;<\/h5>\n\n\n\n<p>Characters and backgrounds for clips \/ Personnages et d\u00e9cors pour les clips.<\/p>\n\n\n\n<figure class=\"wp-block-gallery columns-1 is-cropped wp-block-gallery-1 is-layout-flex wp-block-gallery-is-layout-flex\"><ul class=\"blocks-gallery-grid\"><li class=\"blocks-gallery-item\"><figure><img decoding=\"async\" loading=\"lazy\" width=\"1250\" height=\"525\" src=\"http:\/\/cxnbsjw.cluster026.hosting.ovh.net\/wp-content\/uploads\/2020\/05\/cartoon_TAC_bebitte-et-canon_1250x525.jpg\" alt=\"\" data-id=\"442\" data-full-url=\"http:\/\/cxnbsjw.cluster026.hosting.ovh.net\/wp-content\/uploads\/2020\/05\/cartoon_TAC_bebitte-et-canon_1250x525.jpg\" data-link=\"http:\/\/cxnbsjw.cluster026.hosting.ovh.net\/index.php\/cartoon\/cartoon_tac_bebitte-et-canon_1250x525\/\" class=\"wp-image-442\" srcset=\"https:\/\/stratojb.com\/wp-content\/uploads\/2020\/05\/cartoon_TAC_bebitte-et-canon_1250x525.jpg 1250w, https:\/\/stratojb.com\/wp-content\/uploads\/2020\/05\/cartoon_TAC_bebitte-et-canon_1250x525-300x126.jpg 300w, https:\/\/stratojb.com\/wp-content\/uploads\/2020\/05\/cartoon_TAC_bebitte-et-canon_1250x525-1024x430.jpg 1024w, https:\/\/stratojb.com\/wp-content\/uploads\/2020\/05\/cartoon_TAC_bebitte-et-canon_1250x525-768x323.jpg 768w, https:\/\/stratojb.com\/wp-content\/uploads\/2020\/05\/cartoon_TAC_bebitte-et-canon_1250x525-600x252.jpg 600w\" sizes=\"(max-width: 1250px) 100vw, 1250px\" \/><\/figure><\/li><li class=\"blocks-gallery-item\"><figure><img decoding=\"async\" loading=\"lazy\" width=\"1250\" height=\"525\" src=\"http:\/\/cxnbsjw.cluster026.hosting.ovh.net\/wp-content\/uploads\/2020\/05\/cartoon_TAC_gerant-ringmaster_1250x525.jpg\" alt=\"\" data-id=\"443\" data-full-url=\"http:\/\/cxnbsjw.cluster026.hosting.ovh.net\/wp-content\/uploads\/2020\/05\/cartoon_TAC_gerant-ringmaster_1250x525.jpg\" data-link=\"http:\/\/cxnbsjw.cluster026.hosting.ovh.net\/index.php\/cartoon\/cartoon_tac_gerant-ringmaster_1250x525\/\" class=\"wp-image-443\" srcset=\"https:\/\/stratojb.com\/wp-content\/uploads\/2020\/05\/cartoon_TAC_gerant-ringmaster_1250x525.jpg 1250w, https:\/\/stratojb.com\/wp-content\/uploads\/2020\/05\/cartoon_TAC_gerant-ringmaster_1250x525-300x126.jpg 300w, https:\/\/stratojb.com\/wp-content\/uploads\/2020\/05\/cartoon_TAC_gerant-ringmaster_1250x525-1024x430.jpg 1024w, https:\/\/stratojb.com\/wp-content\/uploads\/2020\/05\/cartoon_TAC_gerant-ringmaster_1250x525-768x323.jpg 768w, https:\/\/stratojb.com\/wp-content\/uploads\/2020\/05\/cartoon_TAC_gerant-ringmaster_1250x525-600x252.jpg 600w\" sizes=\"(max-width: 1250px) 100vw, 1250px\" \/><\/figure><\/li><\/ul><\/figure>\n\n\n\n<figure class=\"wp-block-image size-full\"><img decoding=\"async\" loading=\"lazy\" width=\"1250\" height=\"1978\" src=\"http:\/\/cxnbsjw.cluster026.hosting.ovh.net\/wp-content\/uploads\/2020\/05\/cartoon_tac_bg_1250x1978.jpg\" alt=\"\" class=\"wp-image-446\" srcset=\"https:\/\/stratojb.com\/wp-content\/uploads\/2020\/05\/cartoon_tac_bg_1250x1978.jpg 1250w, https:\/\/stratojb.com\/wp-content\/uploads\/2020\/05\/cartoon_tac_bg_1250x1978-190x300.jpg 190w, https:\/\/stratojb.com\/wp-content\/uploads\/2020\/05\/cartoon_tac_bg_1250x1978-647x1024.jpg 647w, https:\/\/stratojb.com\/wp-content\/uploads\/2020\/05\/cartoon_tac_bg_1250x1978-768x1215.jpg 768w, https:\/\/stratojb.com\/wp-content\/uploads\/2020\/05\/cartoon_tac_bg_1250x1978-971x1536.jpg 971w, https:\/\/stratojb.com\/wp-content\/uploads\/2020\/05\/cartoon_tac_bg_1250x1978-600x949.jpg 600w\" sizes=\"(max-width: 1250px) 100vw, 1250px\" \/><\/figure>\n\n\n\n<hr class=\"wp-block-separator is-style-wide\"\/>\n\n\n\n<h5 class=\"wp-block-heading\">GAMES \/ JEUX<\/h5>\n\n\n\n<p>Puzzles composition \/ Composition pour les puzzles.<\/p>\n\n\n\n<figure class=\"wp-block-image size-full\"><img decoding=\"async\" loading=\"lazy\" width=\"1250\" height=\"939\" src=\"http:\/\/cxnbsjw.cluster026.hosting.ovh.net\/wp-content\/uploads\/2020\/05\/montage_TAC_GAMES_1250x939.jpg\" alt=\"\" class=\"wp-image-452\" srcset=\"https:\/\/stratojb.com\/wp-content\/uploads\/2020\/05\/montage_TAC_GAMES_1250x939.jpg 1250w, https:\/\/stratojb.com\/wp-content\/uploads\/2020\/05\/montage_TAC_GAMES_1250x939-300x225.jpg 300w, https:\/\/stratojb.com\/wp-content\/uploads\/2020\/05\/montage_TAC_GAMES_1250x939-1024x769.jpg 1024w, https:\/\/stratojb.com\/wp-content\/uploads\/2020\/05\/montage_TAC_GAMES_1250x939-768x577.jpg 768w, https:\/\/stratojb.com\/wp-content\/uploads\/2020\/05\/montage_TAC_GAMES_1250x939-600x451.jpg 600w\" sizes=\"(max-width: 1250px) 100vw, 1250px\" \/><\/figure>\n\n\n\n<hr class=\"wp-block-separator is-style-wide\"\/>\n\n\n\n<h5 class=\"wp-block-heading\">ADDS \/ PUBS<\/h5>\n\n\n\n<figure class=\"wp-block-gallery columns-1 is-cropped wp-block-gallery-3 is-layout-flex wp-block-gallery-is-layout-flex\"><ul class=\"blocks-gallery-grid\"><li class=\"blocks-gallery-item\"><figure><img decoding=\"async\" loading=\"lazy\" width=\"1250\" height=\"387\" src=\"http:\/\/cxnbsjw.cluster026.hosting.ovh.net\/wp-content\/uploads\/2020\/05\/cartoon_TAC_pub_axe_1250x525.jpg\" alt=\"\" data-id=\"420\" data-full-url=\"http:\/\/cxnbsjw.cluster026.hosting.ovh.net\/wp-content\/uploads\/2020\/05\/cartoon_TAC_pub_axe_1250x525.jpg\" data-link=\"http:\/\/cxnbsjw.cluster026.hosting.ovh.net\/index.php\/cartoon\/cartoon_tac_pub_axe_1250x525\/\" class=\"wp-image-420\" srcset=\"https:\/\/stratojb.com\/wp-content\/uploads\/2020\/05\/cartoon_TAC_pub_axe_1250x525.jpg 1250w, https:\/\/stratojb.com\/wp-content\/uploads\/2020\/05\/cartoon_TAC_pub_axe_1250x525-300x93.jpg 300w, https:\/\/stratojb.com\/wp-content\/uploads\/2020\/05\/cartoon_TAC_pub_axe_1250x525-1024x317.jpg 1024w, https:\/\/stratojb.com\/wp-content\/uploads\/2020\/05\/cartoon_TAC_pub_axe_1250x525-768x238.jpg 768w, https:\/\/stratojb.com\/wp-content\/uploads\/2020\/05\/cartoon_TAC_pub_axe_1250x525-600x186.jpg 600w\" sizes=\"(max-width: 1250px) 100vw, 1250px\" \/><\/figure><\/li><li class=\"blocks-gallery-item\"><figure><img decoding=\"async\" loading=\"lazy\" width=\"1250\" height=\"387\" src=\"http:\/\/cxnbsjw.cluster026.hosting.ovh.net\/wp-content\/uploads\/2020\/05\/cartoon_TAC_pub_lotterie_1250x525.jpg\" alt=\"\" data-id=\"421\" data-full-url=\"http:\/\/cxnbsjw.cluster026.hosting.ovh.net\/wp-content\/uploads\/2020\/05\/cartoon_TAC_pub_lotterie_1250x525.jpg\" data-link=\"http:\/\/cxnbsjw.cluster026.hosting.ovh.net\/index.php\/cartoon\/cartoon_tac_pub_lotterie_1250x525\/\" class=\"wp-image-421\" srcset=\"https:\/\/stratojb.com\/wp-content\/uploads\/2020\/05\/cartoon_TAC_pub_lotterie_1250x525.jpg 1250w, https:\/\/stratojb.com\/wp-content\/uploads\/2020\/05\/cartoon_TAC_pub_lotterie_1250x525-300x93.jpg 300w, https:\/\/stratojb.com\/wp-content\/uploads\/2020\/05\/cartoon_TAC_pub_lotterie_1250x525-1024x317.jpg 1024w, https:\/\/stratojb.com\/wp-content\/uploads\/2020\/05\/cartoon_TAC_pub_lotterie_1250x525-768x238.jpg 768w, https:\/\/stratojb.com\/wp-content\/uploads\/2020\/05\/cartoon_TAC_pub_lotterie_1250x525-600x186.jpg 600w\" sizes=\"(max-width: 1250px) 100vw, 1250px\" \/><\/figure><\/li><li class=\"blocks-gallery-item\"><figure><img decoding=\"async\" loading=\"lazy\" width=\"1250\" height=\"387\" src=\"http:\/\/cxnbsjw.cluster026.hosting.ovh.net\/wp-content\/uploads\/2020\/05\/cartoon_TAC_pub_microsoft_1250x525.jpg\" alt=\"\" data-id=\"422\" data-full-url=\"http:\/\/cxnbsjw.cluster026.hosting.ovh.net\/wp-content\/uploads\/2020\/05\/cartoon_TAC_pub_microsoft_1250x525.jpg\" data-link=\"http:\/\/cxnbsjw.cluster026.hosting.ovh.net\/index.php\/cartoon\/cartoon_tac_pub_microsoft_1250x525\/\" class=\"wp-image-422\" srcset=\"https:\/\/stratojb.com\/wp-content\/uploads\/2020\/05\/cartoon_TAC_pub_microsoft_1250x525.jpg 1250w, https:\/\/stratojb.com\/wp-content\/uploads\/2020\/05\/cartoon_TAC_pub_microsoft_1250x525-300x93.jpg 300w, https:\/\/stratojb.com\/wp-content\/uploads\/2020\/05\/cartoon_TAC_pub_microsoft_1250x525-1024x317.jpg 1024w, https:\/\/stratojb.com\/wp-content\/uploads\/2020\/05\/cartoon_TAC_pub_microsoft_1250x525-768x238.jpg 768w, https:\/\/stratojb.com\/wp-content\/uploads\/2020\/05\/cartoon_TAC_pub_microsoft_1250x525-600x186.jpg 600w\" sizes=\"(max-width: 1250px) 100vw, 1250px\" \/><\/figure><\/li><li class=\"blocks-gallery-item\"><figure><img decoding=\"async\" loading=\"lazy\" width=\"1250\" height=\"387\" src=\"http:\/\/cxnbsjw.cluster026.hosting.ovh.net\/wp-content\/uploads\/2020\/05\/cartoon_TAC_pub_sfr_1250x525.jpg\" alt=\"\" data-id=\"423\" data-full-url=\"http:\/\/cxnbsjw.cluster026.hosting.ovh.net\/wp-content\/uploads\/2020\/05\/cartoon_TAC_pub_sfr_1250x525.jpg\" data-link=\"http:\/\/cxnbsjw.cluster026.hosting.ovh.net\/index.php\/cartoon\/cartoon_tac_pub_sfr_1250x525\/\" class=\"wp-image-423\" srcset=\"https:\/\/stratojb.com\/wp-content\/uploads\/2020\/05\/cartoon_TAC_pub_sfr_1250x525.jpg 1250w, https:\/\/stratojb.com\/wp-content\/uploads\/2020\/05\/cartoon_TAC_pub_sfr_1250x525-300x93.jpg 300w, https:\/\/stratojb.com\/wp-content\/uploads\/2020\/05\/cartoon_TAC_pub_sfr_1250x525-1024x317.jpg 1024w, https:\/\/stratojb.com\/wp-content\/uploads\/2020\/05\/cartoon_TAC_pub_sfr_1250x525-768x238.jpg 768w, https:\/\/stratojb.com\/wp-content\/uploads\/2020\/05\/cartoon_TAC_pub_sfr_1250x525-600x186.jpg 600w\" sizes=\"(max-width: 1250px) 100vw, 1250px\" \/><\/figure><\/li><\/ul><\/figure>\n\n\n\n<p>UNBELIEVABLE WEBSITE IS HERE \/ L&#8217;UNBELIEVABLE SITE INTERNET EST L\u00c0 : <a href=\"https:\/\/www.tetesaclaques.tv\/#\">https:\/\/www.tetesaclaques.tv\/#<\/a><\/p>\n\n\n\n<p>With Art Director Hugo Caron \/ Avec le Directeur artistique Hugo Caron.<\/p>\n\n\n\n<div class=\"wp-block-buttons is-layout-flex wp-block-buttons-is-layout-flex\"><\/div>\n\n\n\n<hr class=\"wp-block-separator is-style-wide\"\/>\n\n\n\n<h3 class=\"wp-block-heading\">PUNCH! on T\u00c9L\u00c9TOON<\/h3>\n\n\n\n<h5 class=\"wp-block-heading\">CHARACTERS, PROPS AND BACKGROUNDS DESIGN \/ DESIGN DES PERSONNAGES, \u00c9L\u00c9MENTS ET D\u00c9CORS.<\/h5>\n\n\n\n<p>Design, expressions and lip sync of the main character&#8217;s face Florian \/ Design, expressions and synchronisation labiale du visage du personnage principal de la s\u00e9rie, Florian.<\/p>\n\n\n\n<div class=\"wp-block-image\"><figure class=\"aligncenter size-full\"><img decoding=\"async\" loading=\"lazy\" width=\"1250\" height=\"833\" src=\"http:\/\/cxnbsjw.cluster026.hosting.ovh.net\/wp-content\/uploads\/2020\/05\/cartoon_punch_wallpaper_1250x833.jpg\" alt=\"\" class=\"wp-image-415\" srcset=\"https:\/\/stratojb.com\/wp-content\/uploads\/2020\/05\/cartoon_punch_wallpaper_1250x833.jpg 1250w, https:\/\/stratojb.com\/wp-content\/uploads\/2020\/05\/cartoon_punch_wallpaper_1250x833-300x200.jpg 300w, https:\/\/stratojb.com\/wp-content\/uploads\/2020\/05\/cartoon_punch_wallpaper_1250x833-1024x682.jpg 1024w, https:\/\/stratojb.com\/wp-content\/uploads\/2020\/05\/cartoon_punch_wallpaper_1250x833-768x512.jpg 768w, https:\/\/stratojb.com\/wp-content\/uploads\/2020\/05\/cartoon_punch_wallpaper_1250x833-600x400.jpg 600w\" sizes=\"(max-width: 1250px) 100vw, 1250px\" \/><\/figure><\/div>\n\n\n\n<p>Portfolio available in private only \/ Portfolio disponible dans un cadre priv\u00e9 uniquement.<\/p>\n","protected":false},"excerpt":{"rendered":"<p>T\u00caTES \u00c0 CLAQUES CHARACTERS, PROPS AND BACKGROUNDS DESIGN FOR CLIPS, ADDS, GAMES&#8230; \/ DESIGN DES PERSONNAGES, \u00c9L\u00c9MENTS ET D\u00c9CORS POUR LES&#8230;<\/p>\n","protected":false},"author":2,"featured_media":0,"parent":0,"menu_order":0,"comment_status":"closed","ping_status":"closed","template":"","meta":{"footnotes":""},"_links":{"self":[{"href":"https:\/\/stratojb.com\/index.php\/wp-json\/wp\/v2\/pages\/36"}],"collection":[{"href":"https:\/\/stratojb.com\/index.php\/wp-json\/wp\/v2\/pages"}],"about":[{"href":"https:\/\/stratojb.com\/index.php\/wp-json\/wp\/v2\/types\/page"}],"author":[{"embeddable":true,"href":"https:\/\/stratojb.com\/index.php\/wp-json\/wp\/v2\/users\/2"}],"replies":[{"embeddable":true,"href":"https:\/\/stratojb.com\/index.php\/wp-json\/wp\/v2\/comments?post=36"}],"version-history":[{"count":44,"href":"https:\/\/stratojb.com\/index.php\/wp-json\/wp\/v2\/pages\/36\/revisions"}],"predecessor-version":[{"id":2038,"href":"https:\/\/stratojb.com\/index.php\/wp-json\/wp\/v2\/pages\/36\/revisions\/2038"}],"wp:attachment":[{"href":"https:\/\/stratojb.com\/index.php\/wp-json\/wp\/v2\/media?parent=36"}],"curies":[{"name":"wp","href":"https:\/\/api.w.org\/{rel}","templated":true}]}}